{"id":1900,"date":"2020-10-15T19:27:17","date_gmt":"2020-10-15T19:27:17","guid":{"rendered":"https:\/\/aliciadiago.com\/particulares\/sesion-terapia-felizmente-101\/"},"modified":"2025-12-12T08:30:21","modified_gmt":"2025-12-12T08:30:21","slug":"sesion-terapia-felizmente-101","status":"publish","type":"page","link":"https:\/\/aliciadiago.com\/particulares\/sesion-terapia-felizmente-101\/","title":{"rendered":"Sesi\u00f3n Terapia #Felizmente 101"},"content":{"rendered":"","protected":false},"excerpt":{"rendered":"","protected":false},"author":1,"featured_media":0,"parent":0,"menu_order":0,"comment_status":"closed","ping_status":"closed","template":"","meta":{"_uag_custom_page_level_css":"","footnotes":""},"class_list":["post-1900","page","type-page","status-publish","hentry"],"yoast_head":"<!-- This site is optimized with the Yoast SEO plugin v26.4 - https:\/\/yoast.com\/wordpress\/plugins\/seo\/ -->\n<title>Sesi\u00f3n Terapia #Felizmente 101 para mujeres con estr\u00e9s o ansiedad| Alicia Diago<\/title>\n<meta name=\"description\" content=\"Mujeres con estr\u00e9s o ansiedad. Reserva una sesi\u00f3n de terapia online \ud83d\udc49 Obt\u00e9n recursos para empezar a tomar las riendas de tu vida\" \/>\n<meta name=\"robots\" content=\"index, follow, max-snippet:-1, max-image-preview:large, max-video-preview:-1\" \/>\n<link rel=\"canonical\" href=\"https:\/\/aliciadiago.com\/particulares\/sesion-terapia-felizmente-101\/\" \/>\n<meta property=\"og:locale\" content=\"es_ES\" \/>\n<meta property=\"og:type\" content=\"article\" \/>\n<meta property=\"og:title\" content=\"Sesi\u00f3n Terapia #Felizmente 101 para mujeres con estr\u00e9s o ansiedad| Alicia Diago\" \/>\n<meta property=\"og:description\" content=\"Mujeres con estr\u00e9s o ansiedad. Reserva una sesi\u00f3n de terapia online \ud83d\udc49 Obt\u00e9n recursos para empezar a tomar las riendas de tu vida\" \/>\n<meta property=\"og:url\" content=\"https:\/\/aliciadiago.com\/particulares\/sesion-terapia-felizmente-101\/\" \/>\n<meta property=\"og:site_name\" content=\"Alicia Diago | Particulares\" \/>\n<meta property=\"article:modified_time\" content=\"2025-12-12T08:30:21+00:00\" \/>\n<meta name=\"twitter:card\" content=\"summary_large_image\" \/>\n<script type=\"application\/ld+json\" class=\"yoast-schema-graph\">{\"@context\":\"https:\/\/schema.org\",\"@graph\":[{\"@type\":\"WebPage\",\"@id\":\"https:\/\/aliciadiago.com\/particulares\/sesion-terapia-felizmente-101\/\",\"url\":\"https:\/\/aliciadiago.com\/particulares\/sesion-terapia-felizmente-101\/\",\"name\":\"Sesi\u00f3n Terapia #Felizmente 101 para mujeres con estr\u00e9s o ansiedad| Alicia Diago\",\"isPartOf\":{\"@id\":\"https:\/\/aliciadiago.com\/particulares\/#website\"},\"datePublished\":\"2020-10-15T19:27:17+00:00\",\"dateModified\":\"2025-12-12T08:30:21+00:00\",\"description\":\"Mujeres con estr\u00e9s o ansiedad. Reserva una sesi\u00f3n de terapia online \ud83d\udc49 Obt\u00e9n recursos para empezar a tomar las riendas de tu vida\",\"breadcrumb\":{\"@id\":\"https:\/\/aliciadiago.com\/particulares\/sesion-terapia-felizmente-101\/#breadcrumb\"},\"inLanguage\":\"es\",\"potentialAction\":[{\"@type\":\"ReadAction\",\"target\":[\"https:\/\/aliciadiago.com\/particulares\/sesion-terapia-felizmente-101\/\"]}]},{\"@type\":\"BreadcrumbList\",\"@id\":\"https:\/\/aliciadiago.com\/particulares\/sesion-terapia-felizmente-101\/#breadcrumb\",\"itemListElement\":[{\"@type\":\"ListItem\",\"position\":1,\"name\":\"Portada\",\"item\":\"https:\/\/aliciadiago.com\/particulares\/\"},{\"@type\":\"ListItem\",\"position\":2,\"name\":\"Sesi\u00f3n Terapia #Felizmente 101\"}]},{\"@type\":\"WebSite\",\"@id\":\"https:\/\/aliciadiago.com\/particulares\/#website\",\"url\":\"https:\/\/aliciadiago.com\/particulares\/\",\"name\":\"Alicia Diago | Particulares\",\"description\":\"\",\"potentialAction\":[{\"@type\":\"SearchAction\",\"target\":{\"@type\":\"EntryPoint\",\"urlTemplate\":\"https:\/\/aliciadiago.com\/particulares\/?s={search_term_string}\"},\"query-input\":{\"@type\":\"PropertyValueSpecification\",\"valueRequired\":true,\"valueName\":\"search_term_string\"}}],\"inLanguage\":\"es\"}]}<\/script>\n<!-- \/ Yoast SEO plugin. -->","yoast_head_json":{"title":"Sesi\u00f3n Terapia #Felizmente 101 para mujeres con estr\u00e9s o ansiedad| Alicia Diago","description":"Mujeres con estr\u00e9s o ansiedad. Reserva una sesi\u00f3n de terapia online \ud83d\udc49 Obt\u00e9n recursos para empezar a tomar las riendas de tu vida","robots":{"index":"index","follow":"follow","max-snippet":"max-snippet:-1","max-image-preview":"max-image-preview:large","max-video-preview":"max-video-preview:-1"},"canonical":"https:\/\/aliciadiago.com\/particulares\/sesion-terapia-felizmente-101\/","og_locale":"es_ES","og_type":"article","og_title":"Sesi\u00f3n Terapia #Felizmente 101 para mujeres con estr\u00e9s o ansiedad| Alicia Diago","og_description":"Mujeres con estr\u00e9s o ansiedad. Reserva una sesi\u00f3n de terapia online \ud83d\udc49 Obt\u00e9n recursos para empezar a tomar las riendas de tu vida","og_url":"https:\/\/aliciadiago.com\/particulares\/sesion-terapia-felizmente-101\/","og_site_name":"Alicia Diago | Particulares","article_modified_time":"2025-12-12T08:30:21+00:00","twitter_card":"summary_large_image","schema":{"@context":"https:\/\/schema.org","@graph":[{"@type":"WebPage","@id":"https:\/\/aliciadiago.com\/particulares\/sesion-terapia-felizmente-101\/","url":"https:\/\/aliciadiago.com\/particulares\/sesion-terapia-felizmente-101\/","name":"Sesi\u00f3n Terapia #Felizmente 101 para mujeres con estr\u00e9s o ansiedad| Alicia Diago","isPartOf":{"@id":"https:\/\/aliciadiago.com\/particulares\/#website"},"datePublished":"2020-10-15T19:27:17+00:00","dateModified":"2025-12-12T08:30:21+00:00","description":"Mujeres con estr\u00e9s o ansiedad. Reserva una sesi\u00f3n de terapia online \ud83d\udc49 Obt\u00e9n recursos para empezar a tomar las riendas de tu vida","breadcrumb":{"@id":"https:\/\/aliciadiago.com\/particulares\/sesion-terapia-felizmente-101\/#breadcrumb"},"inLanguage":"es","potentialAction":[{"@type":"ReadAction","target":["https:\/\/aliciadiago.com\/particulares\/sesion-terapia-felizmente-101\/"]}]},{"@type":"BreadcrumbList","@id":"https:\/\/aliciadiago.com\/particulares\/sesion-terapia-felizmente-101\/#breadcrumb","itemListElement":[{"@type":"ListItem","position":1,"name":"Portada","item":"https:\/\/aliciadiago.com\/particulares\/"},{"@type":"ListItem","position":2,"name":"Sesi\u00f3n Terapia #Felizmente 101"}]},{"@type":"WebSite","@id":"https:\/\/aliciadiago.com\/particulares\/#website","url":"https:\/\/aliciadiago.com\/particulares\/","name":"Alicia Diago | Particulares","description":"","potentialAction":[{"@type":"SearchAction","target":{"@type":"EntryPoint","urlTemplate":"https:\/\/aliciadiago.com\/particulares\/?s={search_term_string}"},"query-input":{"@type":"PropertyValueSpecification","valueRequired":true,"valueName":"search_term_string"}}],"inLanguage":"es"}]}},"uagb_featured_image_src":{"full":false,"thumbnail":false,"medium":false,"medium_large":false,"large":false,"1536x1536":false,"2048x2048":false,"post-thumbnail":false,"50x50":false,"clients-slider":false,"slider-content":false,"testimonials":false,"blog-navi":false,"portfolio-mf":false,"portfolio-mf-w":false,"portfolio-mf-t":false,"portfolio-list":false,"blog-portfolio":false,"blog-single":false},"uagb_author_info":{"display_name":"admin","author_link":"https:\/\/aliciadiago.com\/particulares\/author\/admin\/"},"uagb_comment_info":0,"uagb_excerpt":null,"_links":{"self":[{"href":"https:\/\/aliciadiago.com\/particulares\/wp-json\/wp\/v2\/pages\/1900","targetHints":{"allow":["GET"]}}],"collection":[{"href":"https:\/\/aliciadiago.com\/particulares\/wp-json\/wp\/v2\/pages"}],"about":[{"href":"https:\/\/aliciadiago.com\/particulares\/wp-json\/wp\/v2\/types\/page"}],"author":[{"embeddable":true,"href":"https:\/\/aliciadiago.com\/particulares\/wp-json\/wp\/v2\/users\/1"}],"replies":[{"embeddable":true,"href":"https:\/\/aliciadiago.com\/particulares\/wp-json\/wp\/v2\/comments?post=1900"}],"version-history":[{"count":1,"href":"https:\/\/aliciadiago.com\/particulares\/wp-json\/wp\/v2\/pages\/1900\/revisions"}],"predecessor-version":[{"id":4453,"href":"https:\/\/aliciadiago.com\/particulares\/wp-json\/wp\/v2\/pages\/1900\/revisions\/4453"}],"wp:attachment":[{"href":"https:\/\/aliciadiago.com\/particulares\/wp-json\/wp\/v2\/media?parent=1900"}],"curies":[{"name":"wp","href":"https:\/\/api.w.org\/{rel}","templated":true}]}}