{"id":4220,"date":"2018-10-04T14:12:30","date_gmt":"2018-10-04T14:12:30","guid":{"rendered":"https:\/\/aliciadiago.com\/particulares\/autoestima-2\/"},"modified":"2018-10-04T14:12:30","modified_gmt":"2018-10-04T14:12:30","slug":"autoestima-2","status":"publish","type":"page","link":"https:\/\/aliciadiago.com\/particulares\/autoestima-2\/","title":{"rendered":"Autoestima"},"content":{"rendered":"<h1><!-- \/WhatsHelp.io widget -->AUTOESTIMA<\/h1>\n<h4 style=\"text-align: left\">Haz el test y te enviar\u00e9 mi valoraci\u00f3n y pautas SIN COSTE<i class=\"\"><\/i><\/h4>\n<p style=\"text-align: left\"><div class=\"accordion\"><div class=\"mfn-acc accordion_wrapper \"><div class=\"question\"><div class=\"title\"><i class=\"icon-plus acc-icon-plus\"><\/i><i class=\"icon-minus acc-icon-minus\"><\/i><\/div><div class=\"answer\"><\/div><\/div>\n<\/div><\/div>\n\n<p style=\"text-align: left\"><a class=\"button  button_size_2 button_js\" href=\"\"     ><span class=\"button_label\">Button<\/span><\/a>\n\n<h5 style=\"text-align: left\">Me gustar\u00eda lanzarte este mensaje ya de primeras:<\/h5>\n<h4 style=\"text-align: left\">Nada ni nadie puede hacerte sentir inferior sin tu consentimiento.<\/h4>\n<h5 style=\"text-align: left\"><strong>Trabajar la autoestima<\/strong>, esa imagen que tienes\u00a0de\u00a0ti mismo,\u00a0es la clave\u00a0para cualquier\u00a0cambio\u00a0que desees realizar en tu vida. Por eso creo que es muy importante que hablemos de ella.<\/h5>\n<h5 style=\"text-align: left\">Muchos de mis clientes\u00a0empiezan un proceso de coaching con el objetivo de\u00a0<strong>aumentar su autoestima<\/strong>. Se dan cuenta que es el primer paso para poder <strong>conseguir las metas<\/strong> que quieran.<a href=\"https:\/\/aliciadiago.com\/particulares\/wp-content\/uploads\/sites\/4\/2020\/03\/alicia-diago-coach-personal-mindfulness-burnout-parental-corona-virus-gestion-miedo-ansiedad-incertidumbre-emocional-online-practica-atencion-pensamiento-de-lo-que-se-piensa-se-cria-3.jpgwp-content\/uploads\/sites\/4\/2022\/08\/Post-de-instagram-empoderamiento-femenino-amor-propio-rosa-azul-1.pngwp-content\/uploads\/sites\/4\/2022\/08\/Post-de-instagram-empoderamiento-femenino-amor-propio-rosa-azul.pngwp-content\/uploads\/2019\/01\/autoestima-coraz%C3%B3n-e1565728332178.jpg\"><img fetchpriority=\"high\" decoding=\"async\" src=\"https:\/\/aliciadiago.com\/particulares\/wp-content\/uploads\/sites\/4\/2020\/03\/alicia-diago-coach-personal-mindfulness-burnout-parental-corona-virus-gestion-miedo-ansiedad-incertidumbre-emocional-online-practica-atencion-pensamiento-de-lo-que-se-piensa-se-cria-3.jpgwp-content\/uploads\/sites\/4\/2022\/08\/Post-de-instagram-empoderamiento-femenino-amor-propio-rosa-azul-1.pngwp-content\/uploads\/sites\/4\/2022\/08\/Post-de-instagram-empoderamiento-femenino-amor-propio-rosa-azul.pngwp-content\/uploads\/2019\/01\/autoestima-coraz%C3%B3n-e1565728332178-300x206.jpg\" alt=\"autoestima alicia diago coach curso online terapeuta formadora felizmente madres padres\" width=\"1920\" height=\"1318\" \/><\/a><\/h5>\n<h3 style=\"color: #e2c026;text-align: left\"><strong>Se habla mucho de autoestima, \u00bfpero qu\u00e9 es en realidad?<\/strong><\/h3>\n<h5 style=\"text-align: left\">Se trata de una\u00a0relaci\u00f3n\u00a0que vas construyendo con\u00a0tu\u00a0\u201cyo\u201d\u00a0a lo largo de los a\u00f1os y determina\u00a0<strong>tu val\u00eda<\/strong> y <strong>el aprecio<\/strong> que\u00a0te tienes. Es el\u00a0c\u00f3mo\u00a0te sientes\u00a0con\u00a0tus\u00a0<strong>actitudes, comportamientos, habilidades, logros y fracasos<\/strong>.<\/h5>\n<p>\u00a0<\/p>\n<h3 style=\"color: #e2c026;text-align: left\"><strong>\u00bfC\u00f3mo trabajar la autoestima?<\/strong><\/h3>\n<h5 style=\"text-align: left\">Pues aqu\u00ed es donde vuelvo a la frase que te he citado al principio:\u00a0<strong>Nada ni nadie puede hacerte sentir inferior sin tu consentimiento<\/strong>.\u00a0Cuando entendemos esta frase \u00a1adquirimos un poder brutal en un mont\u00f3n de cosas!.<\/h5>\n<h5 style=\"text-align: left\">Podr\u00eda extenderme d\u00edas con esto pero solo decirte que tu nivel de autoestima <strong>SOLO DEPENDE T\u00cd<\/strong>. Si algo o alguien est\u00e1 da\u00f1ando tu autoestima es porque\u00a0tu se lo est\u00e1s permitiendo. Por lo tanto, el\u00a0super poder\u00a0que tienes de cambiar esa situaci\u00f3n es\u00a0100% tuyo, de nadie m\u00e1s.<\/h5>\n<h5 style=\"text-align: left\">La mayor\u00eda de los clientes detectan que tienen la <strong>autoestima baja<\/strong> pero no saben porqu\u00e9. Por ese motivo, bas\u00e9\u00a0mi m\u00e9todo\u00a0en\u00a0detectar y transformar todas esas creencias inconscientes\u00a0que te est\u00e1n limitando, creando conflicto y que no te permiten ser tu.<\/h5>\n<h5 style=\"text-align: left\">Si has llegado hasta aqu\u00ed y aun no lo tienes claro, te digo \\\u00bb <strong>aprende<\/strong> <strong>primero a quererte a ti mismo\/a , y el resto empezar\u00e1 a encajar\\\u00bb<\/strong>.<\/h5>\n<h5 style=\"text-align: left\">\u00a1Yo puedo ayudarte a subir tu autoestima en sesiones de coaching personal individualizadas!<\/h5>\n<p>\u00a0<\/p>\n<p>\t\t\t<a href=\"\/particulares\/\" role=\"button\"><br \/>\n\t\t\t\t\t\tRESERVA TU LLAMADA CON ALICIA DIAGO<br \/>\n\t\t\t\t\t<\/a><\/p>\n","protected":false},"excerpt":{"rendered":"<p>AUTOESTIMA Haz el test y te enviar\u00e9 mi valoraci\u00f3n y pautas SIN COSTE Me gustar\u00eda lanzarte este mensaje ya de primeras: Nada ni nadie puede hacerte<span class=\"excerpt-hellip\"> [\u2026]<\/span><\/p>\n","protected":false},"author":1,"featured_media":0,"parent":0,"menu_order":0,"comment_status":"closed","ping_status":"closed","template":"","meta":{"_uag_custom_page_level_css":"","footnotes":""},"class_list":["post-4220","page","type-page","status-publish","hentry"],"yoast_head":"<!-- This site is optimized with the Yoast SEO plugin v26.4 - https:\/\/yoast.com\/wordpress\/plugins\/seo\/ -->\n<title>Autoestima | Alicia Diago Coach | FelizMente Mindfulness<\/title>\n<meta name=\"description\" content=\"Sesi\u00f3n estrat\u00e9gica de coaching online para madres con estr\u00e9s que necesitan mejorar su autoestima. \ud83d\udc49 Lib\u00e9rate del estr\u00e9s para poder vivir #FelizMente\" \/>\n<meta name=\"robots\" content=\"index, follow, max-snippet:-1, max-image-preview:large, max-video-preview:-1\" \/>\n<link rel=\"canonical\" href=\"https:\/\/aliciadiago.com\/particulares\/autoestima-2\/\" \/>\n<meta property=\"og:locale\" content=\"es_ES\" \/>\n<meta property=\"og:type\" content=\"article\" \/>\n<meta property=\"og:title\" content=\"Autoestima | Alicia Diago Coach | FelizMente Mindfulness\" \/>\n<meta property=\"og:description\" content=\"Sesi\u00f3n estrat\u00e9gica de coaching online para madres con estr\u00e9s que necesitan mejorar su autoestima. \ud83d\udc49 Lib\u00e9rate del estr\u00e9s para poder vivir #FelizMente\" \/>\n<meta property=\"og:url\" content=\"https:\/\/aliciadiago.com\/particulares\/autoestima-2\/\" \/>\n<meta property=\"og:site_name\" content=\"Alicia Diago | Particulares\" \/>\n<meta property=\"og:image\" content=\"https:\/\/aliciadiago.com\/particulares\/wp-content\/uploads\/sites\/4\/2022\/08\/Post-de-instagram-empoderamiento-femenino-amor-propio-rosa-azul-1.pngwp-content\/uploads\/sites\/4\/2022\/08\/Post-de-instagram-empoderamiento-femenino-amor-propio-rosa-azul.pngwp-content\/uploads\/2019\/01\/autoestima-coraz%C3%B3n-e1565728332178-300x206.jpg\" \/>\n<meta name=\"twitter:card\" content=\"summary_large_image\" \/>\n<meta name=\"twitter:label1\" content=\"Tiempo de lectura\" \/>\n\t<meta name=\"twitter:data1\" content=\"2 minutos\" \/>\n<script type=\"application\/ld+json\" class=\"yoast-schema-graph\">{\"@context\":\"https:\/\/schema.org\",\"@graph\":[{\"@type\":\"WebPage\",\"@id\":\"https:\/\/aliciadiago.com\/particulares\/autoestima-2\/\",\"url\":\"https:\/\/aliciadiago.com\/particulares\/autoestima-2\/\",\"name\":\"Autoestima | Alicia Diago Coach | FelizMente Mindfulness\",\"isPartOf\":{\"@id\":\"https:\/\/aliciadiago.com\/particulares\/#website\"},\"primaryImageOfPage\":{\"@id\":\"https:\/\/aliciadiago.com\/particulares\/autoestima-2\/#primaryimage\"},\"image\":{\"@id\":\"https:\/\/aliciadiago.com\/particulares\/autoestima-2\/#primaryimage\"},\"thumbnailUrl\":\"https:\/\/aliciadiago.com\/particulares\/wp-content\/uploads\/sites\/4\/2020\/03\/alicia-diago-coach-personal-mindfulness-burnout-parental-corona-virus-gestion-miedo-ansiedad-incertidumbre-emocional-online-practica-atencion-pensamiento-de-lo-que-se-piensa-se-cria-3.jpgwp-content\/uploads\/sites\/4\/2022\/08\/Post-de-instagram-empoderamiento-femenino-amor-propio-rosa-azul-1.pngwp-content\/uploads\/sites\/4\/2022\/08\/Post-de-instagram-empoderamiento-femenino-amor-propio-rosa-azul.pngwp-content\/uploads\/2019\/01\/autoestima-coraz%C3%B3n-e1565728332178-300x206.jpg\",\"datePublished\":\"2018-10-04T14:12:30+00:00\",\"description\":\"Sesi\u00f3n estrat\u00e9gica de coaching online para madres con estr\u00e9s que necesitan mejorar su autoestima. \ud83d\udc49 Lib\u00e9rate del estr\u00e9s para poder vivir #FelizMente\",\"breadcrumb\":{\"@id\":\"https:\/\/aliciadiago.com\/particulares\/autoestima-2\/#breadcrumb\"},\"inLanguage\":\"es\",\"potentialAction\":[{\"@type\":\"ReadAction\",\"target\":[\"https:\/\/aliciadiago.com\/particulares\/autoestima-2\/\"]}]},{\"@type\":\"ImageObject\",\"inLanguage\":\"es\",\"@id\":\"https:\/\/aliciadiago.com\/particulares\/autoestima-2\/#primaryimage\",\"url\":\"https:\/\/aliciadiago.com\/particulares\/wp-content\/uploads\/sites\/4\/2020\/03\/alicia-diago-coach-personal-mindfulness-burnout-parental-corona-virus-gestion-miedo-ansiedad-incertidumbre-emocional-online-practica-atencion-pensamiento-de-lo-que-se-piensa-se-cria-3.jpgwp-content\/uploads\/sites\/4\/2022\/08\/Post-de-instagram-empoderamiento-femenino-amor-propio-rosa-azul-1.pngwp-content\/uploads\/sites\/4\/2022\/08\/Post-de-instagram-empoderamiento-femenino-amor-propio-rosa-azul.pngwp-content\/uploads\/2019\/01\/autoestima-coraz%C3%B3n-e1565728332178-300x206.jpg\",\"contentUrl\":\"https:\/\/aliciadiago.com\/particulares\/wp-content\/uploads\/sites\/4\/2020\/03\/alicia-diago-coach-personal-mindfulness-burnout-parental-corona-virus-gestion-miedo-ansiedad-incertidumbre-emocional-online-practica-atencion-pensamiento-de-lo-que-se-piensa-se-cria-3.jpgwp-content\/uploads\/sites\/4\/2022\/08\/Post-de-instagram-empoderamiento-femenino-amor-propio-rosa-azul-1.pngwp-content\/uploads\/sites\/4\/2022\/08\/Post-de-instagram-empoderamiento-femenino-amor-propio-rosa-azul.pngwp-content\/uploads\/2019\/01\/autoestima-coraz%C3%B3n-e1565728332178-300x206.jpg\"},{\"@type\":\"BreadcrumbList\",\"@id\":\"https:\/\/aliciadiago.com\/particulares\/autoestima-2\/#breadcrumb\",\"itemListElement\":[{\"@type\":\"ListItem\",\"position\":1,\"name\":\"Portada\",\"item\":\"https:\/\/aliciadiago.com\/particulares\/\"},{\"@type\":\"ListItem\",\"position\":2,\"name\":\"Autoestima\"}]},{\"@type\":\"WebSite\",\"@id\":\"https:\/\/aliciadiago.com\/particulares\/#website\",\"url\":\"https:\/\/aliciadiago.com\/particulares\/\",\"name\":\"Alicia Diago | Particulares\",\"description\":\"\",\"potentialAction\":[{\"@type\":\"SearchAction\",\"target\":{\"@type\":\"EntryPoint\",\"urlTemplate\":\"https:\/\/aliciadiago.com\/particulares\/?s={search_term_string}\"},\"query-input\":{\"@type\":\"PropertyValueSpecification\",\"valueRequired\":true,\"valueName\":\"search_term_string\"}}],\"inLanguage\":\"es\"}]}<\/script>\n<!-- \/ Yoast SEO plugin. -->","yoast_head_json":{"title":"Autoestima | Alicia Diago Coach | FelizMente Mindfulness","description":"Sesi\u00f3n estrat\u00e9gica de coaching online para madres con estr\u00e9s que necesitan mejorar su autoestima. \ud83d\udc49 Lib\u00e9rate del estr\u00e9s para poder vivir #FelizMente","robots":{"index":"index","follow":"follow","max-snippet":"max-snippet:-1","max-image-preview":"max-image-preview:large","max-video-preview":"max-video-preview:-1"},"canonical":"https:\/\/aliciadiago.com\/particulares\/autoestima-2\/","og_locale":"es_ES","og_type":"article","og_title":"Autoestima | Alicia Diago Coach | FelizMente Mindfulness","og_description":"Sesi\u00f3n estrat\u00e9gica de coaching online para madres con estr\u00e9s que necesitan mejorar su autoestima. \ud83d\udc49 Lib\u00e9rate del estr\u00e9s para poder vivir #FelizMente","og_url":"https:\/\/aliciadiago.com\/particulares\/autoestima-2\/","og_site_name":"Alicia Diago | Particulares","og_image":[{"url":"https:\/\/aliciadiago.com\/particulares\/wp-content\/uploads\/sites\/4\/2022\/08\/Post-de-instagram-empoderamiento-femenino-amor-propio-rosa-azul-1.pngwp-content\/uploads\/sites\/4\/2022\/08\/Post-de-instagram-empoderamiento-femenino-amor-propio-rosa-azul.pngwp-content\/uploads\/2019\/01\/autoestima-coraz%C3%B3n-e1565728332178-300x206.jpg","type":"","width":"","height":""}],"twitter_card":"summary_large_image","twitter_misc":{"Tiempo de lectura":"2 minutos"},"schema":{"@context":"https:\/\/schema.org","@graph":[{"@type":"WebPage","@id":"https:\/\/aliciadiago.com\/particulares\/autoestima-2\/","url":"https:\/\/aliciadiago.com\/particulares\/autoestima-2\/","name":"Autoestima | Alicia Diago Coach | FelizMente Mindfulness","isPartOf":{"@id":"https:\/\/aliciadiago.com\/particulares\/#website"},"primaryImageOfPage":{"@id":"https:\/\/aliciadiago.com\/particulares\/autoestima-2\/#primaryimage"},"image":{"@id":"https:\/\/aliciadiago.com\/particulares\/autoestima-2\/#primaryimage"},"thumbnailUrl":"https:\/\/aliciadiago.com\/particulares\/wp-content\/uploads\/sites\/4\/2020\/03\/alicia-diago-coach-personal-mindfulness-burnout-parental-corona-virus-gestion-miedo-ansiedad-incertidumbre-emocional-online-practica-atencion-pensamiento-de-lo-que-se-piensa-se-cria-3.jpgwp-content\/uploads\/sites\/4\/2022\/08\/Post-de-instagram-empoderamiento-femenino-amor-propio-rosa-azul-1.pngwp-content\/uploads\/sites\/4\/2022\/08\/Post-de-instagram-empoderamiento-femenino-amor-propio-rosa-azul.pngwp-content\/uploads\/2019\/01\/autoestima-coraz%C3%B3n-e1565728332178-300x206.jpg","datePublished":"2018-10-04T14:12:30+00:00","description":"Sesi\u00f3n estrat\u00e9gica de coaching online para madres con estr\u00e9s que necesitan mejorar su autoestima. \ud83d\udc49 Lib\u00e9rate del estr\u00e9s para poder vivir #FelizMente","breadcrumb":{"@id":"https:\/\/aliciadiago.com\/particulares\/autoestima-2\/#breadcrumb"},"inLanguage":"es","potentialAction":[{"@type":"ReadAction","target":["https:\/\/aliciadiago.com\/particulares\/autoestima-2\/"]}]},{"@type":"ImageObject","inLanguage":"es","@id":"https:\/\/aliciadiago.com\/particulares\/autoestima-2\/#primaryimage","url":"https:\/\/aliciadiago.com\/particulares\/wp-content\/uploads\/sites\/4\/2020\/03\/alicia-diago-coach-personal-mindfulness-burnout-parental-corona-virus-gestion-miedo-ansiedad-incertidumbre-emocional-online-practica-atencion-pensamiento-de-lo-que-se-piensa-se-cria-3.jpgwp-content\/uploads\/sites\/4\/2022\/08\/Post-de-instagram-empoderamiento-femenino-amor-propio-rosa-azul-1.pngwp-content\/uploads\/sites\/4\/2022\/08\/Post-de-instagram-empoderamiento-femenino-amor-propio-rosa-azul.pngwp-content\/uploads\/2019\/01\/autoestima-coraz%C3%B3n-e1565728332178-300x206.jpg","contentUrl":"https:\/\/aliciadiago.com\/particulares\/wp-content\/uploads\/sites\/4\/2020\/03\/alicia-diago-coach-personal-mindfulness-burnout-parental-corona-virus-gestion-miedo-ansiedad-incertidumbre-emocional-online-practica-atencion-pensamiento-de-lo-que-se-piensa-se-cria-3.jpgwp-content\/uploads\/sites\/4\/2022\/08\/Post-de-instagram-empoderamiento-femenino-amor-propio-rosa-azul-1.pngwp-content\/uploads\/sites\/4\/2022\/08\/Post-de-instagram-empoderamiento-femenino-amor-propio-rosa-azul.pngwp-content\/uploads\/2019\/01\/autoestima-coraz%C3%B3n-e1565728332178-300x206.jpg"},{"@type":"BreadcrumbList","@id":"https:\/\/aliciadiago.com\/particulares\/autoestima-2\/#breadcrumb","itemListElement":[{"@type":"ListItem","position":1,"name":"Portada","item":"https:\/\/aliciadiago.com\/particulares\/"},{"@type":"ListItem","position":2,"name":"Autoestima"}]},{"@type":"WebSite","@id":"https:\/\/aliciadiago.com\/particulares\/#website","url":"https:\/\/aliciadiago.com\/particulares\/","name":"Alicia Diago | Particulares","description":"","potentialAction":[{"@type":"SearchAction","target":{"@type":"EntryPoint","urlTemplate":"https:\/\/aliciadiago.com\/particulares\/?s={search_term_string}"},"query-input":{"@type":"PropertyValueSpecification","valueRequired":true,"valueName":"search_term_string"}}],"inLanguage":"es"}]}},"uagb_featured_image_src":{"full":false,"thumbnail":false,"medium":false,"medium_large":false,"large":false,"1536x1536":false,"2048x2048":false,"post-thumbnail":false,"50x50":false,"clients-slider":false,"slider-content":false,"testimonials":false,"blog-navi":false,"portfolio-mf":false,"portfolio-mf-w":false,"portfolio-mf-t":false,"portfolio-list":false,"blog-portfolio":false,"blog-single":false},"uagb_author_info":{"display_name":"admin","author_link":"https:\/\/aliciadiago.com\/particulares\/author\/admin\/"},"uagb_comment_info":0,"uagb_excerpt":"AUTOESTIMA Haz el test y te enviar\u00e9 mi valoraci\u00f3n y pautas SIN COSTE Me gustar\u00eda lanzarte este mensaje ya de primeras: Nada ni nadie puede hacerte [\u2026]","_links":{"self":[{"href":"https:\/\/aliciadiago.com\/particulares\/wp-json\/wp\/v2\/pages\/4220","targetHints":{"allow":["GET"]}}],"collection":[{"href":"https:\/\/aliciadiago.com\/particulares\/wp-json\/wp\/v2\/pages"}],"about":[{"href":"https:\/\/aliciadiago.com\/particulares\/wp-json\/wp\/v2\/types\/page"}],"author":[{"embeddable":true,"href":"https:\/\/aliciadiago.com\/particulares\/wp-json\/wp\/v2\/users\/1"}],"replies":[{"embeddable":true,"href":"https:\/\/aliciadiago.com\/particulares\/wp-json\/wp\/v2\/comments?post=4220"}],"version-history":[{"count":0,"href":"https:\/\/aliciadiago.com\/particulares\/wp-json\/wp\/v2\/pages\/4220\/revisions"}],"wp:attachment":[{"href":"https:\/\/aliciadiago.com\/particulares\/wp-json\/wp\/v2\/media?parent=4220"}],"curies":[{"name":"wp","href":"https:\/\/api.w.org\/{rel}","templated":true}]}}