{"id":4222,"date":"2018-12-18T16:27:38","date_gmt":"2018-12-18T16:27:38","guid":{"rendered":"https:\/\/aliciadiago.com\/particulares\/organizacion-y-planificacion-2\/"},"modified":"2018-12-18T16:27:38","modified_gmt":"2018-12-18T16:27:38","slug":"organizacion-y-planificacion-2","status":"publish","type":"page","link":"https:\/\/aliciadiago.com\/particulares\/organizacion-y-planificacion-2\/","title":{"rendered":"Organizaci\u00f3n y planificaci\u00f3n"},"content":{"rendered":"<h1><!-- \/WhatsHelp.io widget --><\/h1>\n<h1>ORGANIZACI\u00d3N Y PLANIFICACI\u00d3N FAMILIAR<\/h1>\n<p style=\"text-align: left\">\u00bfSabes gestionar el tiempo de forma que el estr\u00e9s lo dejes a un lado y puedas potenciar tu productividad tanto en el hogar como en tu trabajo?<\/p>\n<h4 style=\"text-align: left\">\u00bfSientes que haces malabares cada d\u00eda? Casi todos los padres se sienten as\u00ed cada d\u00eda, y es que en realidad a veces, puede que no est\u00e9s haciendo los malabares muy bien porque no eres capaz de mantener todas las bolas en el aire.<\/h4>\n<h5 style=\"text-align: left\">Los padres pueden sentir que no tienen suficiente tiempo en el d\u00eda para hacer todo lo que tienen en mente, ya sea en el trabajo o en las tareas del hogar. Es necesario recordar que los padres no somos robots y que aunque se quiera no siempre se puede hacer todo y es necesario, priorizar.<\/h5>\n<p>\u00a0<\/p>\n<p style=\"text-align: left\"><a href=\"http:\/\/aliciadiago.com\/wp-content\/uploads\/2019\/01\/Sesion-grupal-5.jpg\"><img fetchpriority=\"high\" decoding=\"async\" src=\"https:\/\/aliciadiago.com\/particulares\/wp-content\/uploads\/sites\/4\/2020\/03\/alicia-diago-coach-personal-mindfulness-burnout-parental-corona-virus-gestion-miedo-ansiedad-incertidumbre-emocional-online-practica-atencion-pensamiento-de-lo-que-se-piensa-se-cria-3.jpgwp-content\/uploads\/sites\/4\/2022\/08\/Post-de-instagram-empoderamiento-femenino-amor-propio-rosa-azul-1.pngwp-content\/uploads\/sites\/4\/2022\/08\/Post-de-instagram-empoderamiento-femenino-amor-propio-rosa-azul.pngwp-content\/uploads\/2019\/01\/Sesion-grupal-5-300x200.jpg\" alt=\"Alicia Diago Coach Terapeuta Coaching Personal Formadora curso online felizmente madres y padres \" width=\"1920\" height=\"1280\" \/><\/a><\/p>\n<h3>\u00a0<\/h3>\n<h3>\u00a0<\/h3>\n<p>\u00a0<\/p>\n<h3 style=\"color: #e2c026;text-align: left\"><strong>Usa un temporizador<\/strong><\/h3>\n<h5 style=\"text-align: left\">Mantenerte concentrado y sin distraer tu atenci\u00f3n haciendo otras cosas que no tocan en ese instante.<\/h5>\n<h3 style=\"color: #e2c026;text-align: left\"><strong><br \/>Ordena tu horario<\/strong><\/h3>\n<h5 style=\"text-align: left\">Es importante aprender a decir que no a esas personas que quieren robarte el tiempo por ejemplo hablando una hora por tel\u00e9fono cont\u00e1ndote banalidades.<\/h5>\n<h3 style=\"color: #e2c026;text-align: left\"><strong><br \/>Prioriza en tu lista de tareas<\/strong><\/h3>\n<h5 style=\"text-align: left\">Esto te ayudar\u00e1 a establecer prioridades, ver las tareas juntas te ayudar\u00e1 a ver qu\u00e9 es m\u00e1s importante y qu\u00e9 es menos.<\/h5>\n<h3 style=\"color: #e2c026;text-align: left\"><strong><br \/>Baja la velocidad de la vida<\/strong><\/h3>\n<h5 style=\"text-align: left\">No te acuestes muy tarde y duerme dentro de lo posible, las horas que necesitas. Si no lo haces, es probable que te sientas estresado m\u00e1s de la cuenta cada d\u00eda. Si no te cuidas, ser\u00e1s mucho menos productivo y menos feliz<\/h5>\n<h5 style=\"text-align: left\">\u00a1Yo puedo ayudarte a ordenar tu vida y disfrutar de lo que realmente vale la pena!<\/h5>\n<p>\u00a0<\/p>\n<h4 style=\"text-align: left\">Haz el test y tendr\u00e1s 15 minutos de sesi\u00f3n SIN COSTE<i class=\"\"><\/i><\/h4>\n<p style=\"text-align: left\"><div class=\"accordion\"><div class=\"mfn-acc accordion_wrapper \"><div class=\"question\"><div class=\"title\"><i class=\"icon-plus acc-icon-plus\"><\/i><i class=\"icon-minus acc-icon-minus\"><\/i><\/div><div class=\"answer\"><\/div><\/div>\n<\/div><\/div>\n\n<p style=\"text-align: left\"><a class=\"button  button_size_2 button_js\" href=\"\"     ><span class=\"button_label\">Button<\/span><\/a>\n\n","protected":false},"excerpt":{"rendered":"<p>ORGANIZACI\u00d3N Y PLANIFICACI\u00d3N FAMILIAR \u00bfSabes gestionar el tiempo de forma que el estr\u00e9s lo dejes a un lado y puedas potenciar tu productividad tanto en el<span class=\"excerpt-hellip\"> [\u2026]<\/span><\/p>\n","protected":false},"author":1,"featured_media":0,"parent":0,"menu_order":0,"comment_status":"closed","ping_status":"closed","template":"","meta":{"_uag_custom_page_level_css":"","footnotes":""},"class_list":["post-4222","page","type-page","status-publish","hentry"],"yoast_head":"<!-- This site is optimized with the Yoast SEO plugin v26.4 - https:\/\/yoast.com\/wordpress\/plugins\/seo\/ -->\n<title>Organizaci\u00f3n y planificaci\u00f3n | Alicia Diago Coach | FelizMente<\/title>\n<meta name=\"description\" content=\"Sesi\u00f3n estrat\u00e9gica de coaching online para madres con estr\u00e9s que no saben ya qu\u00e9 hacer para organizarse. \ud83d\udc49 Lib\u00e9rate del estr\u00e9s para poder vivir #FelizMente\" \/>\n<meta name=\"robots\" content=\"index, follow, max-snippet:-1, max-image-preview:large, max-video-preview:-1\" \/>\n<link rel=\"canonical\" href=\"https:\/\/aliciadiago.com\/particulares\/organizacion-y-planificacion-2\/\" \/>\n<meta property=\"og:locale\" content=\"es_ES\" \/>\n<meta property=\"og:type\" content=\"article\" \/>\n<meta property=\"og:title\" content=\"Organizaci\u00f3n y planificaci\u00f3n | Alicia Diago Coach | FelizMente\" \/>\n<meta property=\"og:description\" content=\"Sesi\u00f3n estrat\u00e9gica de coaching online para madres con estr\u00e9s que no saben ya qu\u00e9 hacer para organizarse. \ud83d\udc49 Lib\u00e9rate del estr\u00e9s para poder vivir #FelizMente\" \/>\n<meta property=\"og:url\" content=\"https:\/\/aliciadiago.com\/particulares\/organizacion-y-planificacion-2\/\" \/>\n<meta property=\"og:site_name\" content=\"Alicia Diago | Particulares\" \/>\n<meta property=\"og:image\" content=\"https:\/\/aliciadiago.com\/particulares\/wp-content\/uploads\/sites\/4\/2022\/08\/Post-de-instagram-empoderamiento-femenino-amor-propio-rosa-azul-1.pngwp-content\/uploads\/sites\/4\/2022\/08\/Post-de-instagram-empoderamiento-femenino-amor-propio-rosa-azul.pngwp-content\/uploads\/2019\/01\/Sesion-grupal-5-300x200.jpg\" \/>\n<meta name=\"twitter:card\" content=\"summary_large_image\" \/>\n<meta name=\"twitter:label1\" content=\"Tiempo de lectura\" \/>\n\t<meta name=\"twitter:data1\" content=\"2 minutos\" \/>\n<script type=\"application\/ld+json\" class=\"yoast-schema-graph\">{\"@context\":\"https:\/\/schema.org\",\"@graph\":[{\"@type\":\"WebPage\",\"@id\":\"https:\/\/aliciadiago.com\/particulares\/organizacion-y-planificacion-2\/\",\"url\":\"https:\/\/aliciadiago.com\/particulares\/organizacion-y-planificacion-2\/\",\"name\":\"Organizaci\u00f3n y planificaci\u00f3n | Alicia Diago Coach | FelizMente\",\"isPartOf\":{\"@id\":\"https:\/\/aliciadiago.com\/particulares\/#website\"},\"primaryImageOfPage\":{\"@id\":\"https:\/\/aliciadiago.com\/particulares\/organizacion-y-planificacion-2\/#primaryimage\"},\"image\":{\"@id\":\"https:\/\/aliciadiago.com\/particulares\/organizacion-y-planificacion-2\/#primaryimage\"},\"thumbnailUrl\":\"https:\/\/aliciadiago.com\/particulares\/wp-content\/uploads\/sites\/4\/2020\/03\/alicia-diago-coach-personal-mindfulness-burnout-parental-corona-virus-gestion-miedo-ansiedad-incertidumbre-emocional-online-practica-atencion-pensamiento-de-lo-que-se-piensa-se-cria-3.jpgwp-content\/uploads\/sites\/4\/2022\/08\/Post-de-instagram-empoderamiento-femenino-amor-propio-rosa-azul-1.pngwp-content\/uploads\/sites\/4\/2022\/08\/Post-de-instagram-empoderamiento-femenino-amor-propio-rosa-azul.pngwp-content\/uploads\/2019\/01\/Sesion-grupal-5-300x200.jpg\",\"datePublished\":\"2018-12-18T16:27:38+00:00\",\"description\":\"Sesi\u00f3n estrat\u00e9gica de coaching online para madres con estr\u00e9s que no saben ya qu\u00e9 hacer para organizarse. \ud83d\udc49 Lib\u00e9rate del estr\u00e9s para poder vivir #FelizMente\",\"breadcrumb\":{\"@id\":\"https:\/\/aliciadiago.com\/particulares\/organizacion-y-planificacion-2\/#breadcrumb\"},\"inLanguage\":\"es\",\"potentialAction\":[{\"@type\":\"ReadAction\",\"target\":[\"https:\/\/aliciadiago.com\/particulares\/organizacion-y-planificacion-2\/\"]}]},{\"@type\":\"ImageObject\",\"inLanguage\":\"es\",\"@id\":\"https:\/\/aliciadiago.com\/particulares\/organizacion-y-planificacion-2\/#primaryimage\",\"url\":\"https:\/\/aliciadiago.com\/particulares\/wp-content\/uploads\/sites\/4\/2020\/03\/alicia-diago-coach-personal-mindfulness-burnout-parental-corona-virus-gestion-miedo-ansiedad-incertidumbre-emocional-online-practica-atencion-pensamiento-de-lo-que-se-piensa-se-cria-3.jpgwp-content\/uploads\/sites\/4\/2022\/08\/Post-de-instagram-empoderamiento-femenino-amor-propio-rosa-azul-1.pngwp-content\/uploads\/sites\/4\/2022\/08\/Post-de-instagram-empoderamiento-femenino-amor-propio-rosa-azul.pngwp-content\/uploads\/2019\/01\/Sesion-grupal-5-300x200.jpg\",\"contentUrl\":\"https:\/\/aliciadiago.com\/particulares\/wp-content\/uploads\/sites\/4\/2020\/03\/alicia-diago-coach-personal-mindfulness-burnout-parental-corona-virus-gestion-miedo-ansiedad-incertidumbre-emocional-online-practica-atencion-pensamiento-de-lo-que-se-piensa-se-cria-3.jpgwp-content\/uploads\/sites\/4\/2022\/08\/Post-de-instagram-empoderamiento-femenino-amor-propio-rosa-azul-1.pngwp-content\/uploads\/sites\/4\/2022\/08\/Post-de-instagram-empoderamiento-femenino-amor-propio-rosa-azul.pngwp-content\/uploads\/2019\/01\/Sesion-grupal-5-300x200.jpg\"},{\"@type\":\"BreadcrumbList\",\"@id\":\"https:\/\/aliciadiago.com\/particulares\/organizacion-y-planificacion-2\/#breadcrumb\",\"itemListElement\":[{\"@type\":\"ListItem\",\"position\":1,\"name\":\"Portada\",\"item\":\"https:\/\/aliciadiago.com\/particulares\/\"},{\"@type\":\"ListItem\",\"position\":2,\"name\":\"Organizaci\u00f3n y planificaci\u00f3n\"}]},{\"@type\":\"WebSite\",\"@id\":\"https:\/\/aliciadiago.com\/particulares\/#website\",\"url\":\"https:\/\/aliciadiago.com\/particulares\/\",\"name\":\"Alicia Diago | Particulares\",\"description\":\"\",\"potentialAction\":[{\"@type\":\"SearchAction\",\"target\":{\"@type\":\"EntryPoint\",\"urlTemplate\":\"https:\/\/aliciadiago.com\/particulares\/?s={search_term_string}\"},\"query-input\":{\"@type\":\"PropertyValueSpecification\",\"valueRequired\":true,\"valueName\":\"search_term_string\"}}],\"inLanguage\":\"es\"}]}<\/script>\n<!-- \/ Yoast SEO plugin. -->","yoast_head_json":{"title":"Organizaci\u00f3n y planificaci\u00f3n | Alicia Diago Coach | FelizMente","description":"Sesi\u00f3n estrat\u00e9gica de coaching online para madres con estr\u00e9s que no saben ya qu\u00e9 hacer para organizarse. \ud83d\udc49 Lib\u00e9rate del estr\u00e9s para poder vivir #FelizMente","robots":{"index":"index","follow":"follow","max-snippet":"max-snippet:-1","max-image-preview":"max-image-preview:large","max-video-preview":"max-video-preview:-1"},"canonical":"https:\/\/aliciadiago.com\/particulares\/organizacion-y-planificacion-2\/","og_locale":"es_ES","og_type":"article","og_title":"Organizaci\u00f3n y planificaci\u00f3n | Alicia Diago Coach | FelizMente","og_description":"Sesi\u00f3n estrat\u00e9gica de coaching online para madres con estr\u00e9s que no saben ya qu\u00e9 hacer para organizarse. \ud83d\udc49 Lib\u00e9rate del estr\u00e9s para poder vivir #FelizMente","og_url":"https:\/\/aliciadiago.com\/particulares\/organizacion-y-planificacion-2\/","og_site_name":"Alicia Diago | Particulares","og_image":[{"url":"https:\/\/aliciadiago.com\/particulares\/wp-content\/uploads\/sites\/4\/2022\/08\/Post-de-instagram-empoderamiento-femenino-amor-propio-rosa-azul-1.pngwp-content\/uploads\/sites\/4\/2022\/08\/Post-de-instagram-empoderamiento-femenino-amor-propio-rosa-azul.pngwp-content\/uploads\/2019\/01\/Sesion-grupal-5-300x200.jpg","type":"","width":"","height":""}],"twitter_card":"summary_large_image","twitter_misc":{"Tiempo de lectura":"2 minutos"},"schema":{"@context":"https:\/\/schema.org","@graph":[{"@type":"WebPage","@id":"https:\/\/aliciadiago.com\/particulares\/organizacion-y-planificacion-2\/","url":"https:\/\/aliciadiago.com\/particulares\/organizacion-y-planificacion-2\/","name":"Organizaci\u00f3n y planificaci\u00f3n | Alicia Diago Coach | FelizMente","isPartOf":{"@id":"https:\/\/aliciadiago.com\/particulares\/#website"},"primaryImageOfPage":{"@id":"https:\/\/aliciadiago.com\/particulares\/organizacion-y-planificacion-2\/#primaryimage"},"image":{"@id":"https:\/\/aliciadiago.com\/particulares\/organizacion-y-planificacion-2\/#primaryimage"},"thumbnailUrl":"https:\/\/aliciadiago.com\/particulares\/wp-content\/uploads\/sites\/4\/2020\/03\/alicia-diago-coach-personal-mindfulness-burnout-parental-corona-virus-gestion-miedo-ansiedad-incertidumbre-emocional-online-practica-atencion-pensamiento-de-lo-que-se-piensa-se-cria-3.jpgwp-content\/uploads\/sites\/4\/2022\/08\/Post-de-instagram-empoderamiento-femenino-amor-propio-rosa-azul-1.pngwp-content\/uploads\/sites\/4\/2022\/08\/Post-de-instagram-empoderamiento-femenino-amor-propio-rosa-azul.pngwp-content\/uploads\/2019\/01\/Sesion-grupal-5-300x200.jpg","datePublished":"2018-12-18T16:27:38+00:00","description":"Sesi\u00f3n estrat\u00e9gica de coaching online para madres con estr\u00e9s que no saben ya qu\u00e9 hacer para organizarse. \ud83d\udc49 Lib\u00e9rate del estr\u00e9s para poder vivir #FelizMente","breadcrumb":{"@id":"https:\/\/aliciadiago.com\/particulares\/organizacion-y-planificacion-2\/#breadcrumb"},"inLanguage":"es","potentialAction":[{"@type":"ReadAction","target":["https:\/\/aliciadiago.com\/particulares\/organizacion-y-planificacion-2\/"]}]},{"@type":"ImageObject","inLanguage":"es","@id":"https:\/\/aliciadiago.com\/particulares\/organizacion-y-planificacion-2\/#primaryimage","url":"https:\/\/aliciadiago.com\/particulares\/wp-content\/uploads\/sites\/4\/2020\/03\/alicia-diago-coach-personal-mindfulness-burnout-parental-corona-virus-gestion-miedo-ansiedad-incertidumbre-emocional-online-practica-atencion-pensamiento-de-lo-que-se-piensa-se-cria-3.jpgwp-content\/uploads\/sites\/4\/2022\/08\/Post-de-instagram-empoderamiento-femenino-amor-propio-rosa-azul-1.pngwp-content\/uploads\/sites\/4\/2022\/08\/Post-de-instagram-empoderamiento-femenino-amor-propio-rosa-azul.pngwp-content\/uploads\/2019\/01\/Sesion-grupal-5-300x200.jpg","contentUrl":"https:\/\/aliciadiago.com\/particulares\/wp-content\/uploads\/sites\/4\/2020\/03\/alicia-diago-coach-personal-mindfulness-burnout-parental-corona-virus-gestion-miedo-ansiedad-incertidumbre-emocional-online-practica-atencion-pensamiento-de-lo-que-se-piensa-se-cria-3.jpgwp-content\/uploads\/sites\/4\/2022\/08\/Post-de-instagram-empoderamiento-femenino-amor-propio-rosa-azul-1.pngwp-content\/uploads\/sites\/4\/2022\/08\/Post-de-instagram-empoderamiento-femenino-amor-propio-rosa-azul.pngwp-content\/uploads\/2019\/01\/Sesion-grupal-5-300x200.jpg"},{"@type":"BreadcrumbList","@id":"https:\/\/aliciadiago.com\/particulares\/organizacion-y-planificacion-2\/#breadcrumb","itemListElement":[{"@type":"ListItem","position":1,"name":"Portada","item":"https:\/\/aliciadiago.com\/particulares\/"},{"@type":"ListItem","position":2,"name":"Organizaci\u00f3n y planificaci\u00f3n"}]},{"@type":"WebSite","@id":"https:\/\/aliciadiago.com\/particulares\/#website","url":"https:\/\/aliciadiago.com\/particulares\/","name":"Alicia Diago | Particulares","description":"","potentialAction":[{"@type":"SearchAction","target":{"@type":"EntryPoint","urlTemplate":"https:\/\/aliciadiago.com\/particulares\/?s={search_term_string}"},"query-input":{"@type":"PropertyValueSpecification","valueRequired":true,"valueName":"search_term_string"}}],"inLanguage":"es"}]}},"uagb_featured_image_src":{"full":false,"thumbnail":false,"medium":false,"medium_large":false,"large":false,"1536x1536":false,"2048x2048":false,"post-thumbnail":false,"50x50":false,"clients-slider":false,"slider-content":false,"testimonials":false,"blog-navi":false,"portfolio-mf":false,"portfolio-mf-w":false,"portfolio-mf-t":false,"portfolio-list":false,"blog-portfolio":false,"blog-single":false},"uagb_author_info":{"display_name":"admin","author_link":"https:\/\/aliciadiago.com\/particulares\/author\/admin\/"},"uagb_comment_info":0,"uagb_excerpt":"ORGANIZACI\u00d3N Y PLANIFICACI\u00d3N FAMILIAR \u00bfSabes gestionar el tiempo de forma que el estr\u00e9s lo dejes a un lado y puedas potenciar tu productividad tanto en el [\u2026]","_links":{"self":[{"href":"https:\/\/aliciadiago.com\/particulares\/wp-json\/wp\/v2\/pages\/4222","targetHints":{"allow":["GET"]}}],"collection":[{"href":"https:\/\/aliciadiago.com\/particulares\/wp-json\/wp\/v2\/pages"}],"about":[{"href":"https:\/\/aliciadiago.com\/particulares\/wp-json\/wp\/v2\/types\/page"}],"author":[{"embeddable":true,"href":"https:\/\/aliciadiago.com\/particulares\/wp-json\/wp\/v2\/users\/1"}],"replies":[{"embeddable":true,"href":"https:\/\/aliciadiago.com\/particulares\/wp-json\/wp\/v2\/comments?post=4222"}],"version-history":[{"count":0,"href":"https:\/\/aliciadiago.com\/particulares\/wp-json\/wp\/v2\/pages\/4222\/revisions"}],"wp:attachment":[{"href":"https:\/\/aliciadiago.com\/particulares\/wp-json\/wp\/v2\/media?parent=4222"}],"curies":[{"name":"wp","href":"https:\/\/api.w.org\/{rel}","templated":true}]}}